{"id":11454,"date":"2023-05-12T09:55:51","date_gmt":"2023-05-12T08:55:51","guid":{"rendered":"https:\/\/enotecabernetti.it\/?post_type=product&#038;p=11454"},"modified":"2024-07-12T19:03:36","modified_gmt":"2024-07-12T18:03:36","slug":"alfonso-fortunati-tartufi-salsa-tartufata-250gr","status":"publish","type":"product","link":"https:\/\/enotecabernetti.it\/en\/prodotto\/alfonso-fortunati-tartufi-salsa-tartufata-250gr\/","title":{"rendered":"Alfonso Fortunati Tartufi &#8211; Salsa tartufata 250gr"},"content":{"rendered":"<p>La Salsa Tartufata Fortunati Tartufi \u00e8 a base di tartufi estivi e funghi e non contiene aromi artificiali. La salsa \u00e8 preparata con materie prime lavorate ancora tutte a mano, come una volta, per preservarne al massimo le qualit\u00e0 organolettiche.<\/p>","protected":false},"excerpt":{"rendered":"<h2>INGREDIENTI<\/h2>\n<p>Funghi coltivati (Agaricus bisporus), olio extra vergine di oliva, tartufi estivi 5% (Tuber aestivum Vitt), olive nere, carote, sedano, prezzemolo, preparato per brodo (esaltatore di sapidit\u00e0: glutammato monosodico, cipolla disidratata, lattosio), spezie, sale, aromi.<\/p>\n<p>&nbsp;<\/p>\n<h3>DICHIARAZIONE NUTRIZIONALE per\u00a0100g<\/h3>\n<p>Energia &#8211; Energy 92 kcal &#8211; 382 kj<\/p>\n<p>Grassi &#8211; Fat 0,4 g di cui acidi grassi saturi &#8211; of which saturated fat 0,1 g<\/p>\n<p>Carboidrati &#8211; Carbohydrates 0,7 g di cui zuccheri &#8211; of which sugar 0,7 g<\/p>\n<p>Proteine &#8211; Proteins 6,0 g<\/p>\n<p>Sale &#8211; Salt 1,2 g<\/p>\n","protected":false},"featured_media":11455,"template":"","meta":[],"product_brand":[],"product_cat":[214],"product_tag":[],"class_list":{"0":"post-11454","1":"product","2":"type-product","3":"status-publish","4":"has-post-thumbnail","6":"product_cat-gastronomia","8":"first","9":"outofstock","10":"shipping-taxable","11":"purchasable","12":"product-type-simple"},"_links":{"self":[{"href":"https:\/\/enotecabernetti.it\/en\/wp-json\/wp\/v2\/product\/11454","targetHints":{"allow":["GET"]}}],"collection":[{"href":"https:\/\/enotecabernetti.it\/en\/wp-json\/wp\/v2\/product"}],"about":[{"href":"https:\/\/enotecabernetti.it\/en\/wp-json\/wp\/v2\/types\/product"}],"wp:featuredmedia":[{"embeddable":true,"href":"https:\/\/enotecabernetti.it\/en\/wp-json\/wp\/v2\/media\/11455"}],"wp:attachment":[{"href":"https:\/\/enotecabernetti.it\/en\/wp-json\/wp\/v2\/media?parent=11454"}],"wp:term":[{"taxonomy":"product_brand","embeddable":true,"href":"https:\/\/enotecabernetti.it\/en\/wp-json\/wp\/v2\/product_brand?post=11454"},{"taxonomy":"product_cat","embeddable":true,"href":"https:\/\/enotecabernetti.it\/en\/wp-json\/wp\/v2\/product_cat?post=11454"},{"taxonomy":"product_tag","embeddable":true,"href":"https:\/\/enotecabernetti.it\/en\/wp-json\/wp\/v2\/product_tag?post=11454"}],"curies":[{"name":"wp","href":"https:\/\/api.w.org\/{rel}","templated":true}]}}