{"id":11481,"date":"2023-05-13T18:38:35","date_gmt":"2023-05-13T17:38:35","guid":{"rendered":"https:\/\/enotecabernetti.it\/?post_type=product&#038;p=11481"},"modified":"2025-05-17T20:22:25","modified_gmt":"2025-05-17T19:22:25","slug":"collestefano-rosa-di-elena-marche-rosato-igt-2022","status":"publish","type":"product","link":"https:\/\/enotecabernetti.it\/en\/prodotto\/collestefano-rosa-di-elena-marche-rosato-igt-2022\/","title":{"rendered":"Collestefano &#8211; &#8220;Rosa di Elena&#8221; Marche rosato IGT"},"content":{"rendered":"<p><b>NOTE DI DEGUSTAZIONE<\/b><\/p>\n<p>Cerasuolo lieve ed elettrico, al naso \u00e8 purissimo, con note di pesca noce e succo di melograno, al palato \u00e8 un concentrato di intensit\u00e0 e succosit\u00e0 senza la minima pesantezza; il tannino \u00e8 un velo, il finale \u00e8 fresco quanto un vino bianco, e il vino finisce pieno di succo, su note di ciliegia bianca e una punta<br \/>\ndi rabarbaro.<\/p>","protected":false},"excerpt":{"rendered":"<p><b>Vitigni:<\/b> Sangiovese 80%, Cabernet 10%, altre uve 10%<\/p>\n<p><b>Denominazione:<\/b> Marche rosato IGT<\/p>\n<p><b>Regione:<\/b>\u00a0Marche<\/p>\n<p><b>Gradazione alcolica:<\/b> 12,5 % vol.<\/p>\n<p><b>Formato:<\/b> Bottiglia 75 cl<\/p>\n","protected":false},"featured_media":11474,"template":"","meta":[],"product_brand":[],"product_cat":[72,45],"product_tag":[98],"class_list":{"0":"post-11481","1":"product","2":"type-product","3":"status-publish","4":"has-post-thumbnail","6":"product_cat-vini-rosati","7":"product_cat-vini","8":"product_tag-marche","10":"first","11":"outofstock","12":"shipping-taxable","13":"purchasable","14":"product-type-simple"},"_links":{"self":[{"href":"https:\/\/enotecabernetti.it\/en\/wp-json\/wp\/v2\/product\/11481","targetHints":{"allow":["GET"]}}],"collection":[{"href":"https:\/\/enotecabernetti.it\/en\/wp-json\/wp\/v2\/product"}],"about":[{"href":"https:\/\/enotecabernetti.it\/en\/wp-json\/wp\/v2\/types\/product"}],"wp:featuredmedia":[{"embeddable":true,"href":"https:\/\/enotecabernetti.it\/en\/wp-json\/wp\/v2\/media\/11474"}],"wp:attachment":[{"href":"https:\/\/enotecabernetti.it\/en\/wp-json\/wp\/v2\/media?parent=11481"}],"wp:term":[{"taxonomy":"product_brand","embeddable":true,"href":"https:\/\/enotecabernetti.it\/en\/wp-json\/wp\/v2\/product_brand?post=11481"},{"taxonomy":"product_cat","embeddable":true,"href":"https:\/\/enotecabernetti.it\/en\/wp-json\/wp\/v2\/product_cat?post=11481"},{"taxonomy":"product_tag","embeddable":true,"href":"https:\/\/enotecabernetti.it\/en\/wp-json\/wp\/v2\/product_tag?post=11481"}],"curies":[{"name":"wp","href":"https:\/\/api.w.org\/{rel}","templated":true}]}}