{"id":11776,"date":"2023-09-10T18:46:42","date_gmt":"2023-09-10T17:46:42","guid":{"rendered":"https:\/\/enotecabernetti.it\/?post_type=product&#038;p=11776"},"modified":"2025-08-04T19:07:01","modified_gmt":"2025-08-04T18:07:01","slug":"podere-le-boncie-le-trame-toscana-igt-2019","status":"publish","type":"product","link":"https:\/\/enotecabernetti.it\/en\/prodotto\/podere-le-boncie-le-trame-toscana-igt-2019\/","title":{"rendered":"Podere Le Boncie &#8211; &#8220;Le Trame&#8221; Toscana IGT 2023"},"content":{"rendered":"<p><b>NOTE DI DEGUSTAZIONE<\/b><\/p>\n<p>Il colore \u00e8 rosso rubino intenso ma ci\u00f2 che colpisce \u00e8 il naso, vengono sprigionate note di mirtilli, cuoio, sensazioni rocciose e terrose che regalano un bouquet ricchissimo. Il gusto \u00e8 deciso, pieno, minerale, succoso, vivo e dal finale di ottima persistenza aromatica.<\/p>","protected":false},"excerpt":{"rendered":"<p><b>Denominazione:<\/b> Toscana IGT<\/p>\n<p><b>Vitigni: <\/b>Sangiovese<\/p>\n<p><b>Regione: <\/b>Toscana<\/p>\n<p><b>Gradazione alcolica:<\/b> 13 % vol.<\/p>\n<p><b>Formato:<\/b> Bottiglia 75 cl<\/p>\n","protected":false},"featured_media":11777,"template":"","meta":[],"product_brand":[],"product_cat":[16,108,45],"product_tag":[93],"class_list":{"0":"post-11776","1":"product","2":"type-product","3":"status-publish","4":"has-post-thumbnail","6":"product_cat-vini-rossi","7":"product_cat-top-selection","8":"product_cat-vini","9":"product_tag-toscana","11":"first","12":"instock","13":"shipping-taxable","14":"purchasable","15":"product-type-simple"},"_links":{"self":[{"href":"https:\/\/enotecabernetti.it\/en\/wp-json\/wp\/v2\/product\/11776","targetHints":{"allow":["GET"]}}],"collection":[{"href":"https:\/\/enotecabernetti.it\/en\/wp-json\/wp\/v2\/product"}],"about":[{"href":"https:\/\/enotecabernetti.it\/en\/wp-json\/wp\/v2\/types\/product"}],"wp:featuredmedia":[{"embeddable":true,"href":"https:\/\/enotecabernetti.it\/en\/wp-json\/wp\/v2\/media\/11777"}],"wp:attachment":[{"href":"https:\/\/enotecabernetti.it\/en\/wp-json\/wp\/v2\/media?parent=11776"}],"wp:term":[{"taxonomy":"product_brand","embeddable":true,"href":"https:\/\/enotecabernetti.it\/en\/wp-json\/wp\/v2\/product_brand?post=11776"},{"taxonomy":"product_cat","embeddable":true,"href":"https:\/\/enotecabernetti.it\/en\/wp-json\/wp\/v2\/product_cat?post=11776"},{"taxonomy":"product_tag","embeddable":true,"href":"https:\/\/enotecabernetti.it\/en\/wp-json\/wp\/v2\/product_tag?post=11776"}],"curies":[{"name":"wp","href":"https:\/\/api.w.org\/{rel}","templated":true}]}}