{"id":11815,"date":"2023-09-19T17:26:54","date_gmt":"2023-09-19T16:26:54","guid":{"rendered":"https:\/\/enotecabernetti.it\/?post_type=product&#038;p=11815"},"modified":"2025-03-01T00:54:29","modified_gmt":"2025-02-28T23:54:29","slug":"annesanti-valnero-sangiovese-umbria-igt-2021","status":"publish","type":"product","link":"https:\/\/enotecabernetti.it\/en\/prodotto\/annesanti-valnero-sangiovese-umbria-igt-2021\/","title":{"rendered":"Annesanti &#8211; &#8220;Valnero&#8221; Sangiovese Umbria IGT"},"content":{"rendered":"<p><b>NOTE DI DEGUSTAZIONE<\/b><\/p>\n<p>Al naso il bouquet \u00e8 delicato con dolci note floreali che si intrecciano a tocchi pi\u00f9 fruttati e speziati come violetta, mirto, rabarbaro, pepe e visciole. Al palato \u00e8 di medio corpo, con un sorso fresco emerge una lieve componente tannica. \u00c8 un vino fresco, pulito ed energico.<\/p>","protected":false},"excerpt":{"rendered":"<p><b>Vitigni: <\/b>Sangiovese<\/p>\n<p><b>Denominazione: <\/b>Umbria IGT<\/p>\n<p><b>Regione: <\/b>Umbria<\/p>\n<p><b>Gradazione alcolica: <\/b>12,5% vol.<\/p>\n<p><b>Formato: <\/b>Bottiglia 75 cl<\/p>\n","protected":false},"featured_media":11810,"template":"","meta":[],"product_brand":[],"product_cat":[16,45,308],"product_tag":[85],"class_list":{"0":"post-11815","1":"product","2":"type-product","3":"status-publish","4":"has-post-thumbnail","6":"product_cat-vini-rossi","7":"product_cat-vini","8":"product_cat-sorsi-rossi-dellumbria","9":"product_tag-umbria","11":"first","12":"instock","13":"shipping-taxable","14":"purchasable","15":"product-type-simple"},"_links":{"self":[{"href":"https:\/\/enotecabernetti.it\/en\/wp-json\/wp\/v2\/product\/11815","targetHints":{"allow":["GET"]}}],"collection":[{"href":"https:\/\/enotecabernetti.it\/en\/wp-json\/wp\/v2\/product"}],"about":[{"href":"https:\/\/enotecabernetti.it\/en\/wp-json\/wp\/v2\/types\/product"}],"wp:featuredmedia":[{"embeddable":true,"href":"https:\/\/enotecabernetti.it\/en\/wp-json\/wp\/v2\/media\/11810"}],"wp:attachment":[{"href":"https:\/\/enotecabernetti.it\/en\/wp-json\/wp\/v2\/media?parent=11815"}],"wp:term":[{"taxonomy":"product_brand","embeddable":true,"href":"https:\/\/enotecabernetti.it\/en\/wp-json\/wp\/v2\/product_brand?post=11815"},{"taxonomy":"product_cat","embeddable":true,"href":"https:\/\/enotecabernetti.it\/en\/wp-json\/wp\/v2\/product_cat?post=11815"},{"taxonomy":"product_tag","embeddable":true,"href":"https:\/\/enotecabernetti.it\/en\/wp-json\/wp\/v2\/product_tag?post=11815"}],"curies":[{"name":"wp","href":"https:\/\/api.w.org\/{rel}","templated":true}]}}