{"id":11835,"date":"2023-09-24T17:51:57","date_gmt":"2023-09-24T16:51:57","guid":{"rendered":"https:\/\/enotecabernetti.it\/?post_type=product&#038;p=11835"},"modified":"2025-05-29T00:46:49","modified_gmt":"2025-05-28T23:46:49","slug":"santa-chiara-umbria-bianco-igt-2018-paolo-bea","status":"publish","type":"product","link":"https:\/\/enotecabernetti.it\/en\/prodotto\/santa-chiara-umbria-bianco-igt-2018-paolo-bea\/","title":{"rendered":"&#8220;Santa Chiara&#8221; Umbria bianco IGT 2019 &#8211; Paolo Bea"},"content":{"rendered":"<p><b>NOTE DI DEGUSTAZIONE<\/b><\/p>\n<p>Al naso \u00e8 asciutto, corposo, e con una sorprendente mineralit\u00e0. In bocca forte impatto di miele, una leggera nota di aceto con un finale caratterizzato da una buona salinit\u00e0.<\/p>","protected":false},"excerpt":{"rendered":"<p><b>Vitigni: <\/b>20% Grechetto, 20% Malvasia, 20% Chardonnay, 20%Sauvignon, 20% Garganega<\/p>\n<p><b>Denominazione: <\/b>Umbria bianco IGT<\/p>\n<p><b>Regione: <\/b>Umbria<\/p>\n<p><b>Gradazione alcolica: <\/b>13,5% vol.<\/p>\n<p><b>Formato: <\/b>Bottiglia 75 cl<\/p>\n","protected":false},"featured_media":11836,"template":"","meta":[],"product_brand":[],"product_cat":[65,108,18,45,307],"product_tag":[85],"class_list":{"0":"post-11835","1":"product","2":"type-product","3":"status-publish","4":"has-post-thumbnail","6":"product_cat-nuovi-arrivi","7":"product_cat-top-selection","8":"product_cat-vini-bianchi","9":"product_cat-vini","10":"product_cat-sorsi-bianchi-dellumbria","11":"product_tag-umbria","13":"first","14":"instock","15":"shipping-taxable","16":"purchasable","17":"product-type-simple"},"_links":{"self":[{"href":"https:\/\/enotecabernetti.it\/en\/wp-json\/wp\/v2\/product\/11835","targetHints":{"allow":["GET"]}}],"collection":[{"href":"https:\/\/enotecabernetti.it\/en\/wp-json\/wp\/v2\/product"}],"about":[{"href":"https:\/\/enotecabernetti.it\/en\/wp-json\/wp\/v2\/types\/product"}],"wp:featuredmedia":[{"embeddable":true,"href":"https:\/\/enotecabernetti.it\/en\/wp-json\/wp\/v2\/media\/11836"}],"wp:attachment":[{"href":"https:\/\/enotecabernetti.it\/en\/wp-json\/wp\/v2\/media?parent=11835"}],"wp:term":[{"taxonomy":"product_brand","embeddable":true,"href":"https:\/\/enotecabernetti.it\/en\/wp-json\/wp\/v2\/product_brand?post=11835"},{"taxonomy":"product_cat","embeddable":true,"href":"https:\/\/enotecabernetti.it\/en\/wp-json\/wp\/v2\/product_cat?post=11835"},{"taxonomy":"product_tag","embeddable":true,"href":"https:\/\/enotecabernetti.it\/en\/wp-json\/wp\/v2\/product_tag?post=11835"}],"curies":[{"name":"wp","href":"https:\/\/api.w.org\/{rel}","templated":true}]}}