{"id":12202,"date":"2024-03-10T19:09:21","date_gmt":"2024-03-10T18:09:21","guid":{"rendered":"https:\/\/enotecabernetti.it\/?post_type=product&#038;p=12202"},"modified":"2024-03-10T19:10:08","modified_gmt":"2024-03-10T18:10:08","slug":"felice-bisleri-c-ferro-china-bisleri-liquore-70cl","status":"publish","type":"product","link":"https:\/\/enotecabernetti.it\/en\/prodotto\/felice-bisleri-c-ferro-china-bisleri-liquore-70cl\/","title":{"rendered":"Felice Bisleri &#038; C. &#8211; &#8220;Ferro China Bisleri&#8221; liquore 70cl"},"content":{"rendered":"<p><b>NOTE DI DEGUSTAZIONE<\/b><\/p>\n<p>Ferro China Bisleri \u00e8 un digestivo storico che nasce nel 1881 da un\u2019intuizione di Felice Bisleri, un\u2019imprenditore di Milano che inizialmente la propose come ricostituente e digestivo. Un vero toccasana per corpo e mente.<\/p>\n<p>Ferro China Bisleri \u00e8 prodotta con corteccia di china, un infuso di corteccia di calissaya e radici tra cui anche genziana, arancio amaro e quassio, con l\u2019aggiunta di citrato di ferro ammonio. Il suo colore \u00e8 piuttosto scuro, con un sapore decisamente intenso, \u00e8 un liquore adatto a chi predilige gli amari con grande personalit\u00e0.<\/p>","protected":false},"excerpt":{"rendered":"<p><b>Classificazione: <\/b>Liquore amaro<\/p>\n<p><b>Regione:<\/b> Lombardia<\/p>\n<p><b>Gradazione alcolica:<\/b> 21 % vol.<\/p>\n<p><b>Formato:<\/b> Bottiglia 70 cl<\/p>\n","protected":false},"featured_media":12203,"template":"","meta":[],"product_brand":[],"product_cat":[247,65,68],"product_tag":[],"class_list":{"0":"post-12202","1":"product","2":"type-product","3":"status-publish","4":"has-post-thumbnail","6":"product_cat-amaro","7":"product_cat-nuovi-arrivi","8":"product_cat-distillati","10":"first","11":"instock","12":"shipping-taxable","13":"purchasable","14":"product-type-simple"},"_links":{"self":[{"href":"https:\/\/enotecabernetti.it\/en\/wp-json\/wp\/v2\/product\/12202","targetHints":{"allow":["GET"]}}],"collection":[{"href":"https:\/\/enotecabernetti.it\/en\/wp-json\/wp\/v2\/product"}],"about":[{"href":"https:\/\/enotecabernetti.it\/en\/wp-json\/wp\/v2\/types\/product"}],"wp:featuredmedia":[{"embeddable":true,"href":"https:\/\/enotecabernetti.it\/en\/wp-json\/wp\/v2\/media\/12203"}],"wp:attachment":[{"href":"https:\/\/enotecabernetti.it\/en\/wp-json\/wp\/v2\/media?parent=12202"}],"wp:term":[{"taxonomy":"product_brand","embeddable":true,"href":"https:\/\/enotecabernetti.it\/en\/wp-json\/wp\/v2\/product_brand?post=12202"},{"taxonomy":"product_cat","embeddable":true,"href":"https:\/\/enotecabernetti.it\/en\/wp-json\/wp\/v2\/product_cat?post=12202"},{"taxonomy":"product_tag","embeddable":true,"href":"https:\/\/enotecabernetti.it\/en\/wp-json\/wp\/v2\/product_tag?post=12202"}],"curies":[{"name":"wp","href":"https:\/\/api.w.org\/{rel}","templated":true}]}}