{"id":12322,"date":"2024-05-29T16:23:23","date_gmt":"2024-05-29T15:23:23","guid":{"rendered":"https:\/\/enotecabernetti.it\/?post_type=product&#038;p=12322"},"modified":"2024-05-29T16:23:23","modified_gmt":"2024-05-29T15:23:23","slug":"sanchez-romate-hnos-brandy-cardenal-mendoza-solera-gran-reserva","status":"publish","type":"product","link":"https:\/\/enotecabernetti.it\/en\/prodotto\/sanchez-romate-hnos-brandy-cardenal-mendoza-solera-gran-reserva\/","title":{"rendered":"S\u00e1nchez Romate Hnos &#8211; Brandy &#8220;Cardenal Mendoza&#8221; Solera Gran Reserva"},"content":{"rendered":"<p><b>NOTE DI DEGUSTAZIONE<\/b><\/p>\n<p style=\"font-weight: 400\">Colore mogano scuro, brillante e trasparente con riflessi ramati. Al naso \u00e8 pulito, elegante e rotondo, con sentori di Sherry che ha stagionato nelle botti. Al palato \u00e8 ben equilibrato, caldo e morbido. Il finale \u00e8 molto lungo, tutte le sottili sfumature si uniscono lasciando un&#8217;impressione duratura di personalit\u00e0 con sentori di uva passa e prugna secca.<\/p>","protected":false},"excerpt":{"rendered":"<p><b>Denominazione:<\/b> Brandy de Jerez<\/p>\n<p><b>Zona di produzione:<\/b> Spagna<\/p>\n<p><b>Gradazione alcolica:<\/b> 40 % vol.<\/p>\n<p><b>Formato:<\/b> Bottiglia 70 cl<\/p>\n","protected":false},"featured_media":12323,"template":"","meta":[],"product_brand":[],"product_cat":[65,68],"product_tag":[],"class_list":{"0":"post-12322","1":"product","2":"type-product","3":"status-publish","4":"has-post-thumbnail","6":"product_cat-nuovi-arrivi","7":"product_cat-distillati","9":"first","10":"instock","11":"shipping-taxable","12":"purchasable","13":"product-type-simple"},"_links":{"self":[{"href":"https:\/\/enotecabernetti.it\/en\/wp-json\/wp\/v2\/product\/12322","targetHints":{"allow":["GET"]}}],"collection":[{"href":"https:\/\/enotecabernetti.it\/en\/wp-json\/wp\/v2\/product"}],"about":[{"href":"https:\/\/enotecabernetti.it\/en\/wp-json\/wp\/v2\/types\/product"}],"wp:featuredmedia":[{"embeddable":true,"href":"https:\/\/enotecabernetti.it\/en\/wp-json\/wp\/v2\/media\/12323"}],"wp:attachment":[{"href":"https:\/\/enotecabernetti.it\/en\/wp-json\/wp\/v2\/media?parent=12322"}],"wp:term":[{"taxonomy":"product_brand","embeddable":true,"href":"https:\/\/enotecabernetti.it\/en\/wp-json\/wp\/v2\/product_brand?post=12322"},{"taxonomy":"product_cat","embeddable":true,"href":"https:\/\/enotecabernetti.it\/en\/wp-json\/wp\/v2\/product_cat?post=12322"},{"taxonomy":"product_tag","embeddable":true,"href":"https:\/\/enotecabernetti.it\/en\/wp-json\/wp\/v2\/product_tag?post=12322"}],"curies":[{"name":"wp","href":"https:\/\/api.w.org\/{rel}","templated":true}]}}