{"id":12406,"date":"2024-07-30T17:18:13","date_gmt":"2024-07-30T16:18:13","guid":{"rendered":"https:\/\/enotecabernetti.it\/?post_type=product&#038;p=12406"},"modified":"2025-01-13T17:55:19","modified_gmt":"2025-01-13T16:55:19","slug":"la-vigna-di-sarah-grappoli-di-luna-prosecco-superiore-docg-brut-vendemmia-notturna","status":"publish","type":"product","link":"https:\/\/enotecabernetti.it\/en\/prodotto\/la-vigna-di-sarah-grappoli-di-luna-prosecco-superiore-docg-brut-vendemmia-notturna\/","title":{"rendered":"La Vigna di Sarah &#8211; &#8220;Grappoli di Luna&#8221; Prosecco Superiore DOCG Brut Vendemmia notturna"},"content":{"rendered":"<p><b>NOTE DI DEGUSTAZIONE<\/b><\/p>\n<p>Alla vista mostra un colore giallo paglierino chiaro, vivacizzato da un perlage persistente e finissimo.<br \/>\nAromi di frutta tropicale, come il frutto della passione, prevalgono sui pi\u00f9 classici sentori fruttati e floreali, mentre all&#8217;assaggio la decisa trama aromatica \u00e8 ben gestita da una importante mineralit\u00e0 e freschezza.<\/p>","protected":false},"excerpt":{"rendered":"<p><b>Denominazione:<\/b> Prosecco di Valdobbiadene-Conegliano DOCG<\/p>\n<p><b>Vitigni: <\/b>Glera<\/p>\n<p><b>Regione: <\/b>Veneto<\/p>\n<p><b>Gradazione alcolica:<\/b> 11,5 % vol.<\/p>\n<p><b>Formato:<\/b> 75 cl<\/p>\n","protected":false},"featured_media":12407,"template":"","meta":[],"product_brand":[],"product_cat":[79,65,40],"product_tag":[],"class_list":{"0":"post-12406","1":"product","2":"type-product","3":"status-publish","4":"has-post-thumbnail","6":"product_cat-bollicine","7":"product_cat-nuovi-arrivi","8":"product_cat-prosecchi","10":"first","11":"outofstock","12":"shipping-taxable","13":"purchasable","14":"product-type-simple"},"_links":{"self":[{"href":"https:\/\/enotecabernetti.it\/en\/wp-json\/wp\/v2\/product\/12406","targetHints":{"allow":["GET"]}}],"collection":[{"href":"https:\/\/enotecabernetti.it\/en\/wp-json\/wp\/v2\/product"}],"about":[{"href":"https:\/\/enotecabernetti.it\/en\/wp-json\/wp\/v2\/types\/product"}],"wp:featuredmedia":[{"embeddable":true,"href":"https:\/\/enotecabernetti.it\/en\/wp-json\/wp\/v2\/media\/12407"}],"wp:attachment":[{"href":"https:\/\/enotecabernetti.it\/en\/wp-json\/wp\/v2\/media?parent=12406"}],"wp:term":[{"taxonomy":"product_brand","embeddable":true,"href":"https:\/\/enotecabernetti.it\/en\/wp-json\/wp\/v2\/product_brand?post=12406"},{"taxonomy":"product_cat","embeddable":true,"href":"https:\/\/enotecabernetti.it\/en\/wp-json\/wp\/v2\/product_cat?post=12406"},{"taxonomy":"product_tag","embeddable":true,"href":"https:\/\/enotecabernetti.it\/en\/wp-json\/wp\/v2\/product_tag?post=12406"}],"curies":[{"name":"wp","href":"https:\/\/api.w.org\/{rel}","templated":true}]}}