{"id":12632,"date":"2025-01-16T20:00:58","date_gmt":"2025-01-16T19:00:58","guid":{"rendered":"https:\/\/enotecabernetti.it\/en\/?post_type=product&#038;p=12632"},"modified":"2025-07-08T21:54:49","modified_gmt":"2025-07-08T20:54:49","slug":"renato-keber-zegla-2019","status":"publish","type":"product","link":"https:\/\/enotecabernetti.it\/en\/prodotto\/renato-keber-zegla-2019\/","title":{"rendered":"Renato Keber \u2013 Zegla 2019"},"content":{"rendered":"<p><b>NOTE DI DEGUSTAZIONE<\/b><\/p>\n<p>Questo vino si distingue per la sua straordinaria complessit\u00e0, che si manifesta in un perfetto equilibrio tra corpo e struttura. Il suo profilo olfattivo \u00e8 ricco e articolato, con note avvolgenti di frutta disidratata, miele delicato e un intrigante bouquet di spezie che si intrecciano elegantemente. Al palato, si presenta con una profondit\u00e0 straordinaria, sostenuta da una freschezza vibrante e da una mineralit\u00e0 che ne esalta la precisione e la pulizia. La sua grande complessit\u00e0 si sviluppa ulteriormente con l&#8217;invecchiamento, rivelando nuovi strati di aromi e sfumature, confermando un potenziale di longevit\u00e0 eccezionale.<\/p>","protected":false},"excerpt":{"rendered":"<p><b>Denominazione:<\/b> Collio DOC<\/p>\n<p><b>Vitigni: <\/b>Friulano<\/p>\n<p><b>Regione: <\/b>Friuli Venezia Giulia<\/p>\n<p><b>Gradazione alcolica:<\/b> 13 % vol.<\/p>\n<p><b>Formato:<\/b> 75 cl<\/p>\n","protected":false},"featured_media":12633,"template":"","meta":[],"product_brand":[],"product_cat":[65,18,45],"product_tag":[],"class_list":{"0":"post-12632","1":"product","2":"type-product","3":"status-publish","4":"has-post-thumbnail","6":"product_cat-nuovi-arrivi","7":"product_cat-vini-bianchi","8":"product_cat-vini","10":"first","11":"outofstock","12":"shipping-taxable","13":"purchasable","14":"product-type-simple"},"_links":{"self":[{"href":"https:\/\/enotecabernetti.it\/en\/wp-json\/wp\/v2\/product\/12632","targetHints":{"allow":["GET"]}}],"collection":[{"href":"https:\/\/enotecabernetti.it\/en\/wp-json\/wp\/v2\/product"}],"about":[{"href":"https:\/\/enotecabernetti.it\/en\/wp-json\/wp\/v2\/types\/product"}],"wp:featuredmedia":[{"embeddable":true,"href":"https:\/\/enotecabernetti.it\/en\/wp-json\/wp\/v2\/media\/12633"}],"wp:attachment":[{"href":"https:\/\/enotecabernetti.it\/en\/wp-json\/wp\/v2\/media?parent=12632"}],"wp:term":[{"taxonomy":"product_brand","embeddable":true,"href":"https:\/\/enotecabernetti.it\/en\/wp-json\/wp\/v2\/product_brand?post=12632"},{"taxonomy":"product_cat","embeddable":true,"href":"https:\/\/enotecabernetti.it\/en\/wp-json\/wp\/v2\/product_cat?post=12632"},{"taxonomy":"product_tag","embeddable":true,"href":"https:\/\/enotecabernetti.it\/en\/wp-json\/wp\/v2\/product_tag?post=12632"}],"curies":[{"name":"wp","href":"https:\/\/api.w.org\/{rel}","templated":true}]}}