{"id":12762,"date":"2025-02-24T23:20:12","date_gmt":"2025-02-24T22:20:12","guid":{"rendered":"https:\/\/enotecabernetti.it\/?post_type=product&#038;p=12762"},"modified":"2025-02-24T23:20:13","modified_gmt":"2025-02-24T22:20:13","slug":"kaltern-pinot-bianco-weisburgunder-doc","status":"publish","type":"product","link":"https:\/\/enotecabernetti.it\/en\/prodotto\/kaltern-pinot-bianco-weisburgunder-doc\/","title":{"rendered":"Kaltern &#8211; Pinot Bianco Wei\u00dfburgunder DOC"},"content":{"rendered":"<p><b>NOTE DI DEGUSTAZIONE<\/b><\/p>\n<p>Colore giallo paglierino con riflessi verdognoli. Il profumo \u00e8 fresco e fruttato, con delicati sentori di mela Golden, pera e mela cotogna. Al palato, si distingue per la sapidit\u00e0 e un&#8217;acidit\u00e0 perfettamente equilibrata, mentre il finale \u00e8 avvolgente, ricco di richiami fruttati che persistono piacevolmente.<\/p>","protected":false},"excerpt":{"rendered":"<p><b>Vitigni: <\/b>Pinot bianco<\/p>\n<p><b>Denominazione: <\/b>Alto Adige DOC<\/p>\n<p><b>Regione: <\/b>Trentino Alto Adige<\/p>\n<p><b>Gradazione alcolica: <\/b>13 % vol.<\/p>\n<p><b>Formato: <\/b>Bottiglia 75 cl<\/p>\n","protected":false},"featured_media":12758,"template":"","meta":[],"product_brand":[],"product_cat":[18,45],"product_tag":[86],"class_list":{"0":"post-12762","1":"product","2":"type-product","3":"status-publish","4":"has-post-thumbnail","6":"product_cat-vini-bianchi","7":"product_cat-vini","8":"product_tag-trentino-alto-adige","10":"first","11":"instock","12":"shipping-taxable","13":"purchasable","14":"product-type-simple"},"_links":{"self":[{"href":"https:\/\/enotecabernetti.it\/en\/wp-json\/wp\/v2\/product\/12762","targetHints":{"allow":["GET"]}}],"collection":[{"href":"https:\/\/enotecabernetti.it\/en\/wp-json\/wp\/v2\/product"}],"about":[{"href":"https:\/\/enotecabernetti.it\/en\/wp-json\/wp\/v2\/types\/product"}],"wp:featuredmedia":[{"embeddable":true,"href":"https:\/\/enotecabernetti.it\/en\/wp-json\/wp\/v2\/media\/12758"}],"wp:attachment":[{"href":"https:\/\/enotecabernetti.it\/en\/wp-json\/wp\/v2\/media?parent=12762"}],"wp:term":[{"taxonomy":"product_brand","embeddable":true,"href":"https:\/\/enotecabernetti.it\/en\/wp-json\/wp\/v2\/product_brand?post=12762"},{"taxonomy":"product_cat","embeddable":true,"href":"https:\/\/enotecabernetti.it\/en\/wp-json\/wp\/v2\/product_cat?post=12762"},{"taxonomy":"product_tag","embeddable":true,"href":"https:\/\/enotecabernetti.it\/en\/wp-json\/wp\/v2\/product_tag?post=12762"}],"curies":[{"name":"wp","href":"https:\/\/api.w.org\/{rel}","templated":true}]}}