{"id":12853,"date":"2025-05-08T17:00:22","date_gmt":"2025-05-08T16:00:22","guid":{"rendered":"https:\/\/enotecabernetti.it\/?post_type=product&#038;p=12853"},"modified":"2025-05-08T17:00:22","modified_gmt":"2025-05-08T16:00:22","slug":"di-filippo-vernaccia-di-cannara-colli-martani-d-o-c","status":"publish","type":"product","link":"https:\/\/enotecabernetti.it\/en\/prodotto\/di-filippo-vernaccia-di-cannara-colli-martani-d-o-c\/","title":{"rendered":"Di Filippo &#8211; Vernaccia di Cannara Colli Martani D.O.C."},"content":{"rendered":"<p><b>NOTE DI DEGUSTAZIONE<\/b><\/p>\n<h4><strong>Si presenta con un colore rosso rubino intenso e brillante, attraversato da riflessi violacei che ne esaltano la vivacit\u00e0. Al naso sprigiona un profumo ampio e avvolgente, caratterizzato da note fruttate tipiche dell\u2019appassimento, con sentori di ciliegia matura, prugna secca e leggere sfumature speziate che ne arricchiscono il bouquet. Al palato \u00e8 dolce e armonico, sostenuto da una piacevole tannicit\u00e0 che equilibra la morbidezza. Il finale \u00e8 asciutto, pulito e persistente, con un retrogusto fruttato e lievemente mandorlato.<\/strong><\/h4>","protected":false},"excerpt":{"rendered":"<p><b>Vitigni:<\/b> Cornetta (Alias Vernaccia Nera)<\/p>\n<p><b>Denominazione:<\/b> Vernaccia di Cannara Colli Martani D.O.C.<\/p>\n<p><b>Regione:<\/b> Umbria<\/p>\n<p><b>Gradazione alcolica:<\/b> 13,5 % vol.<\/p>\n<p><b>Formato:<\/b> Bottiglia 37,5 cl<\/p>\n","protected":false},"featured_media":12855,"template":"","meta":[],"product_brand":[],"product_cat":[65,129,45,310],"product_tag":[85],"class_list":{"0":"post-12853","1":"product","2":"type-product","3":"status-publish","4":"has-post-thumbnail","6":"product_cat-nuovi-arrivi","7":"product_cat-vini-dolci","8":"product_cat-vini","9":"product_cat-sorsi-dolci-e-passiti","10":"product_tag-umbria","12":"first","13":"instock","14":"shipping-taxable","15":"purchasable","16":"product-type-simple"},"_links":{"self":[{"href":"https:\/\/enotecabernetti.it\/en\/wp-json\/wp\/v2\/product\/12853","targetHints":{"allow":["GET"]}}],"collection":[{"href":"https:\/\/enotecabernetti.it\/en\/wp-json\/wp\/v2\/product"}],"about":[{"href":"https:\/\/enotecabernetti.it\/en\/wp-json\/wp\/v2\/types\/product"}],"wp:featuredmedia":[{"embeddable":true,"href":"https:\/\/enotecabernetti.it\/en\/wp-json\/wp\/v2\/media\/12855"}],"wp:attachment":[{"href":"https:\/\/enotecabernetti.it\/en\/wp-json\/wp\/v2\/media?parent=12853"}],"wp:term":[{"taxonomy":"product_brand","embeddable":true,"href":"https:\/\/enotecabernetti.it\/en\/wp-json\/wp\/v2\/product_brand?post=12853"},{"taxonomy":"product_cat","embeddable":true,"href":"https:\/\/enotecabernetti.it\/en\/wp-json\/wp\/v2\/product_cat?post=12853"},{"taxonomy":"product_tag","embeddable":true,"href":"https:\/\/enotecabernetti.it\/en\/wp-json\/wp\/v2\/product_tag?post=12853"}],"curies":[{"name":"wp","href":"https:\/\/api.w.org\/{rel}","templated":true}]}}