{"id":12871,"date":"2025-05-09T18:18:14","date_gmt":"2025-05-09T17:18:14","guid":{"rendered":"https:\/\/enotecabernetti.it\/?post_type=product&#038;p=12871"},"modified":"2025-11-23T20:25:01","modified_gmt":"2025-11-23T19:25:01","slug":"pacchetto-offerta-selezione-di-bollicine-spumante-brut","status":"publish","type":"product","link":"https:\/\/enotecabernetti.it\/en\/prodotto\/pacchetto-offerta-selezione-di-bollicine-spumante-brut\/","title":{"rendered":"Pacchetto Offerta: selezione di bollicine (Spumante &#8211; Brut)"},"content":{"rendered":"<p>Mix di 6 bottiglie da 0,75lt di bollicine: 1 bottiglia di La Palazzola Spumante metodo classico Brut Gran Cuv\u00e9e, 1 bottiglia di La Palazzola Spumante metodo classico Riesling, 1 bottiglia di Scacciadiavoli Metodo classico Brut Ros\u00e9, 1 bottiglia di Lungarotti Metodo classico Brut Ros\u00e9, 1 bottiglia di Lungarotti Metodo classico Brut Millesimato e 1 bottiglia di Carini Metodo classico Brut &#8220;Mon p\u00e8re&#8221;.<\/p>","protected":false},"excerpt":{"rendered":"<p>Mix di 6 bottiglie da 0,75lt di bollicine: 1 bottiglia di La Palazzola Spumante metodo classico Brut Gran Cuv\u00e9e, 1 bottiglia di La Palazzola Spumante metodo classico Riesling, 1 bottiglia di Scacciadiavoli Metodo classico Brut Ros\u00e9, 1 bottiglia di Lungarotti Metodo classico Brut Ros\u00e9, 1 bottiglia di Lungarotti Metodo classico Brut Millesimato e 1 bottiglia di Carini Metodo classico Brut &#8220;Mon p\u00e8re&#8221;.<\/p>\n","protected":false},"featured_media":12872,"template":"","meta":[],"product_brand":[],"product_cat":[79,166,41,45],"product_tag":[],"class_list":{"0":"post-12871","1":"product","2":"type-product","3":"status-publish","4":"has-post-thumbnail","6":"product_cat-bollicine","7":"product_cat-promo","8":"product_cat-spumanti","9":"product_cat-vini","11":"first","12":"outofstock","13":"sale","14":"shipping-taxable","15":"purchasable","16":"product-type-simple"},"_links":{"self":[{"href":"https:\/\/enotecabernetti.it\/en\/wp-json\/wp\/v2\/product\/12871","targetHints":{"allow":["GET"]}}],"collection":[{"href":"https:\/\/enotecabernetti.it\/en\/wp-json\/wp\/v2\/product"}],"about":[{"href":"https:\/\/enotecabernetti.it\/en\/wp-json\/wp\/v2\/types\/product"}],"wp:featuredmedia":[{"embeddable":true,"href":"https:\/\/enotecabernetti.it\/en\/wp-json\/wp\/v2\/media\/12872"}],"wp:attachment":[{"href":"https:\/\/enotecabernetti.it\/en\/wp-json\/wp\/v2\/media?parent=12871"}],"wp:term":[{"taxonomy":"product_brand","embeddable":true,"href":"https:\/\/enotecabernetti.it\/en\/wp-json\/wp\/v2\/product_brand?post=12871"},{"taxonomy":"product_cat","embeddable":true,"href":"https:\/\/enotecabernetti.it\/en\/wp-json\/wp\/v2\/product_cat?post=12871"},{"taxonomy":"product_tag","embeddable":true,"href":"https:\/\/enotecabernetti.it\/en\/wp-json\/wp\/v2\/product_tag?post=12871"}],"curies":[{"name":"wp","href":"https:\/\/api.w.org\/{rel}","templated":true}]}}