{"id":12914,"date":"2025-06-21T19:19:18","date_gmt":"2025-06-21T18:19:18","guid":{"rendered":"https:\/\/enotecabernetti.it\/?post_type=product&#038;p=12914"},"modified":"2025-06-25T18:20:27","modified_gmt":"2025-06-25T17:20:27","slug":"marco-de-bartoli-grillo-sicilia-doc-grappoli-del-grillo","status":"publish","type":"product","link":"https:\/\/enotecabernetti.it\/en\/prodotto\/marco-de-bartoli-grillo-sicilia-doc-grappoli-del-grillo\/","title":{"rendered":"Marco De Bartoli &#8211; Grillo Sicilia DOC &#8220;Grappoli del Grillo&#8221;"},"content":{"rendered":"<p><b>NOTE DI DEGUSTAZIONE<\/b><\/p>\n<p data-start=\"114\" data-end=\"335\">Straordinario bianco siciliano ottenuto da uve Grillo, un austero vitigno autoctono un tempo impiegato esclusivamente nella produzione del Marsala. Oggi riscoperto e valorizzato, regala vini di sorprendente carattere.<\/p>\n<p data-start=\"337\" data-end=\"514\">Vinificato inizialmente in acciaio, prosegue la fermentazione e l\u2019affinamento per un anno in fusti di rovere, che ne esaltano la complessit\u00e0 aromatica e la profondit\u00e0 gustativa.<\/p>\n<p data-start=\"516\" data-end=\"688\">Il risultato \u00e8 un vino di grande struttura, notevole corpo, raffinata complessit\u00e0 e ottima longevit\u00e0.<\/p>\n<p>&nbsp;<\/p>","protected":false},"excerpt":{"rendered":"<p><b>Denominazione:<\/b> Sicilia DOC<\/p>\n<p><b>Vitigni: <\/b>Grillo<\/p>\n<p><b>Regione: <\/b>Sicilia<\/p>\n<p><b>Gradazione alcolica:<\/b> 13 % vol.<\/p>\n<p><b>Formato:<\/b> 75 cl<\/p>\n","protected":false},"featured_media":12922,"template":"","meta":[],"product_brand":[],"product_cat":[18,45],"product_tag":[94],"class_list":{"0":"post-12914","1":"product","2":"type-product","3":"status-publish","4":"has-post-thumbnail","6":"product_cat-vini-bianchi","7":"product_cat-vini","8":"product_tag-sicilia","10":"first","11":"instock","12":"shipping-taxable","13":"purchasable","14":"product-type-simple"},"_links":{"self":[{"href":"https:\/\/enotecabernetti.it\/en\/wp-json\/wp\/v2\/product\/12914","targetHints":{"allow":["GET"]}}],"collection":[{"href":"https:\/\/enotecabernetti.it\/en\/wp-json\/wp\/v2\/product"}],"about":[{"href":"https:\/\/enotecabernetti.it\/en\/wp-json\/wp\/v2\/types\/product"}],"wp:featuredmedia":[{"embeddable":true,"href":"https:\/\/enotecabernetti.it\/en\/wp-json\/wp\/v2\/media\/12922"}],"wp:attachment":[{"href":"https:\/\/enotecabernetti.it\/en\/wp-json\/wp\/v2\/media?parent=12914"}],"wp:term":[{"taxonomy":"product_brand","embeddable":true,"href":"https:\/\/enotecabernetti.it\/en\/wp-json\/wp\/v2\/product_brand?post=12914"},{"taxonomy":"product_cat","embeddable":true,"href":"https:\/\/enotecabernetti.it\/en\/wp-json\/wp\/v2\/product_cat?post=12914"},{"taxonomy":"product_tag","embeddable":true,"href":"https:\/\/enotecabernetti.it\/en\/wp-json\/wp\/v2\/product_tag?post=12914"}],"curies":[{"name":"wp","href":"https:\/\/api.w.org\/{rel}","templated":true}]}}