{"id":13810,"date":"2026-03-09T20:29:05","date_gmt":"2026-03-09T19:29:05","guid":{"rendered":"https:\/\/enotecabernetti.it\/en\/?post_type=product&#038;p=13810"},"modified":"2026-03-10T19:23:43","modified_gmt":"2026-03-10T18:23:43","slug":"margo-regio-bianco","status":"publish","type":"product","link":"https:\/\/enotecabernetti.it\/en\/prodotto\/margo-regio-bianco\/","title":{"rendered":"Marg\u00f2 &#8211; Regio Bianco"},"content":{"rendered":"<p><strong>NOTE DI DEGUSTAZIONE<\/strong><\/p>\n<p>Nel calice si presenta giallo luminoso con riflessi brillanti, con profumi freschi di agrumi, fiori bianchi e leggere note fruttate. Al palato \u00e8 fresco, scorrevole e armonioso, con una buona acidit\u00e0 che dona equilibrio e piacevole bevibilit\u00e0.<\/p>","protected":false},"excerpt":{"rendered":"<p><b>Denominazione: <\/b>Umbria IGT<\/p>\n<p><b>Vitigni: <\/b>Trebbiano<\/p>\n<p><b>Regione: <\/b>Umbria<\/p>\n<p><b>Gradazione alcolica:<\/b> 12,5 % vol.<\/p>\n<p><b>Formato:<\/b> 75 cl<\/p>\n","protected":false},"featured_media":13806,"template":"","meta":[],"product_brand":[],"product_cat":[83,18,45,307],"product_tag":[85],"class_list":{"0":"post-13810","1":"product","2":"type-product","3":"status-publish","4":"has-post-thumbnail","6":"product_cat-vini-naturali","7":"product_cat-vini-bianchi","8":"product_cat-vini","9":"product_cat-sorsi-bianchi-dellumbria","10":"product_tag-umbria","12":"first","13":"instock","14":"shipping-taxable","15":"purchasable","16":"product-type-simple"},"_links":{"self":[{"href":"https:\/\/enotecabernetti.it\/en\/wp-json\/wp\/v2\/product\/13810","targetHints":{"allow":["GET"]}}],"collection":[{"href":"https:\/\/enotecabernetti.it\/en\/wp-json\/wp\/v2\/product"}],"about":[{"href":"https:\/\/enotecabernetti.it\/en\/wp-json\/wp\/v2\/types\/product"}],"wp:featuredmedia":[{"embeddable":true,"href":"https:\/\/enotecabernetti.it\/en\/wp-json\/wp\/v2\/media\/13806"}],"wp:attachment":[{"href":"https:\/\/enotecabernetti.it\/en\/wp-json\/wp\/v2\/media?parent=13810"}],"wp:term":[{"taxonomy":"product_brand","embeddable":true,"href":"https:\/\/enotecabernetti.it\/en\/wp-json\/wp\/v2\/product_brand?post=13810"},{"taxonomy":"product_cat","embeddable":true,"href":"https:\/\/enotecabernetti.it\/en\/wp-json\/wp\/v2\/product_cat?post=13810"},{"taxonomy":"product_tag","embeddable":true,"href":"https:\/\/enotecabernetti.it\/en\/wp-json\/wp\/v2\/product_tag?post=13810"}],"curies":[{"name":"wp","href":"https:\/\/api.w.org\/{rel}","templated":true}]}}