{"id":9492,"date":"2022-04-22T15:07:47","date_gmt":"2022-04-22T14:07:47","guid":{"rendered":"https:\/\/enotecabernetti.it\/?post_type=product&#038;p=9492"},"modified":"2025-07-25T18:39:53","modified_gmt":"2025-07-25T17:39:53","slug":"cuvee-rose-brut-gallimard-pere-et-fils","status":"publish","type":"product","link":"https:\/\/enotecabernetti.it\/en\/prodotto\/cuvee-rose-brut-gallimard-pere-et-fils\/","title":{"rendered":"Cuv\u00e9e Ros\u00e9 Brut Gallimard P\u00e8re et Fils"},"content":{"rendered":"<p><strong>TASTING NOTES<\/strong><\/p>\n<p>Intense cherry pink with light reflections. Cherry foam and very fine perlage. Important nose of cherry and violet, pomegranate and red currant. Dry and soft taste of great freshness and liveliness. Aftertaste of breadcrumbs and almonds.<\/p>","protected":false},"excerpt":{"rendered":"<p>Grapes: Pinot noir 80% Chardonnay 20%<\/p>\n<p>Denomination:\u00a0Champagne AOC<\/p>\n<p>Production area: Champagne<\/p>\n<p>Alcohol content: 12% vol.<\/p>\n<p>Format: 75 cl bottle<\/p>\n","protected":false},"featured_media":9401,"template":"","meta":[],"product_brand":[],"product_cat":[72,41],"product_tag":[],"class_list":{"0":"post-9492","1":"product","2":"type-product","3":"status-publish","4":"has-post-thumbnail","6":"product_cat-vini-rosati","7":"product_cat-spumanti","9":"first","10":"instock","11":"shipping-taxable","12":"purchasable","13":"product-type-simple"},"_links":{"self":[{"href":"https:\/\/enotecabernetti.it\/en\/wp-json\/wp\/v2\/product\/9492","targetHints":{"allow":["GET"]}}],"collection":[{"href":"https:\/\/enotecabernetti.it\/en\/wp-json\/wp\/v2\/product"}],"about":[{"href":"https:\/\/enotecabernetti.it\/en\/wp-json\/wp\/v2\/types\/product"}],"wp:featuredmedia":[{"embeddable":true,"href":"https:\/\/enotecabernetti.it\/en\/wp-json\/wp\/v2\/media\/9401"}],"wp:attachment":[{"href":"https:\/\/enotecabernetti.it\/en\/wp-json\/wp\/v2\/media?parent=9492"}],"wp:term":[{"taxonomy":"product_brand","embeddable":true,"href":"https:\/\/enotecabernetti.it\/en\/wp-json\/wp\/v2\/product_brand?post=9492"},{"taxonomy":"product_cat","embeddable":true,"href":"https:\/\/enotecabernetti.it\/en\/wp-json\/wp\/v2\/product_cat?post=9492"},{"taxonomy":"product_tag","embeddable":true,"href":"https:\/\/enotecabernetti.it\/en\/wp-json\/wp\/v2\/product_tag?post=9492"}],"curies":[{"name":"wp","href":"https:\/\/api.w.org\/{rel}","templated":true}]}}